{"id":4880,"date":"2022-05-18T08:14:59","date_gmt":"2022-05-18T08:14:59","guid":{"rendered":"https:\/\/zonaproxima.com\/?post_type=product&#038;p=4880"},"modified":"2022-05-26T18:01:25","modified_gmt":"2022-05-26T16:01:25","slug":"quincenal-duelo-perinatal","status":"publish","type":"product","link":"https:\/\/zonaproxima.com\/en\/product\/quincenal-duelo-perinatal\/","title":{"rendered":"Quincenal: Duelo Perinatal"},"content":{"rendered":"","protected":false},"excerpt":{"rendered":"<p>Gratuito para los miembros de la Comunidad.<\/p>\n<p>Precio para no miembros: 30\u20ac o hazte miembro de la comunidad por 11\u20ac al mes haciendo <a href=\"https:\/\/zonaproxima.com\/en\/product\/miembro-de-la-comunidad\/\">click aqu\u00ed.<\/a>.<\/p>\n<ul>\n<li>Acompa\u00f1amiento, sost\u00e9n y apoyo emocional y psicol\u00f3gico, expresar las necesidades y sentimientos, compartir experiencias, encontrar comprensi\u00f3n y aceptaci\u00f3n\u2026\n<ul>\n<li><strong>Acceso a:<\/strong>\u00a0Aurora Berm\u00fadez y\/o Carlos Ortega.<\/li>\n<li><strong>Horario:<\/strong>\u00a0jueves alternos: ma\u00f1anas (11:30h a 13h) y tardes (16:30 a 18h).<\/li>\n<\/ul>\n<\/li>\n<\/ul>\n<p>*(Solo para miembros de la comunidad): Consulta enlace de entrada en el icono de mi cuenta &gt; Miembro de la Comunidad &gt; Acceso a los talleres. Tambi\u00e9n puedes hacer <a href=\"https:\/\/zonaproxima.com\/en\/mi-cuenta\/members-area\/\">click aqu\u00ed<\/a>.<\/p>","protected":false},"featured_media":1209,"comment_status":"open","ping_status":"closed","template":"","meta":{"site-sidebar-layout":"default","site-content-layout":"default","ast-site-content-layout":"default","site-content-style":"default","site-sidebar-style":"default","ast-global-header-display":"","ast-banner-title-visibility":"","ast-main-header-display":"","ast-hfb-above-header-display":"","ast-hfb-below-header-display":"","ast-hfb-mobile-header-display":"","site-post-title":"","ast-breadcrumbs-content":"","ast-featured-img":"","footer-sml-layout":"","ast-disable-related-posts":"","theme-transparent-header-meta":"default","adv-header-id-meta":"","stick-header-meta":"default","header-above-stick-meta":"","header-main-stick-meta":"","header-below-stick-meta":"","astra-migrate-meta-layouts":"default","ast-page-background-enabled":"default","ast-page-background-meta":{"desktop":{"background-color":"var(--ast-global-color-4)","background-image":"","background-repeat":"repeat","background-position":"center center","background-size":"auto","background-attachment":"scroll","background-type":"","background-media":"","overlay-type":"","overlay-color":"","overlay-opacity":"","overlay-gradient":""},"tablet":{"background-color":"","background-image":"","background-repeat":"repeat","background-position":"center center","background-size":"auto","background-attachment":"scroll","background-type":"","background-media":"","overlay-type":"","overlay-color":"","overlay-opacity":"","overlay-gradient":""},"mobile":{"background-color":"","background-image":"","background-repeat":"repeat","background-position":"center center","background-size":"auto","background-attachment":"scroll","background-type":"","background-media":"","overlay-type":"","overlay-color":"","overlay-opacity":"","overlay-gradient":""}},"ast-content-background-meta":{"desktop":{"background-color":"var(--ast-global-color-5)","background-image":"","background-repeat":"repeat","background-position":"center center","background-size":"auto","background-attachment":"scroll","background-type":"","background-media":"","overlay-type":"","overlay-color":"","overlay-opacity":"","overlay-gradient":""},"tablet":{"background-color":"var(--ast-global-color-5)","background-image":"","background-repeat":"repeat","background-position":"center center","background-size":"auto","background-attachment":"scroll","background-type":"","background-media":"","overlay-type":"","overlay-color":"","overlay-opacity":"","overlay-gradient":""},"mobile":{"background-color":"var(--ast-global-color-5)","background-image":"","background-repeat":"repeat","background-position":"center center","background-size":"auto","background-attachment":"scroll","background-type":"","background-media":"","overlay-type":"","overlay-color":"","overlay-opacity":"","overlay-gradient":""}}},"product_brand":[],"product_cat":[33,91],"product_tag":[],"class_list":{"0":"post-4880","1":"product","2":"type-product","3":"status-publish","4":"has-post-thumbnail","6":"product_cat-duelo-perinatal","7":"product_cat-gratis-comunidad","8":"desktop-align-center","9":"tablet-align-center","10":"mobile-align-center","11":"ast-product-gallery-layout-horizontal-slider","12":"ast-product-gallery-with-no-image","13":"ast-product-tabs-layout-horizontal","15":"first","16":"instock","17":"taxable","18":"shipping-taxable","19":"purchasable","20":"product-type-simple"},"_links":{"self":[{"href":"https:\/\/zonaproxima.com\/en\/wp-json\/wp\/v2\/product\/4880","targetHints":{"allow":["GET"]}}],"collection":[{"href":"https:\/\/zonaproxima.com\/en\/wp-json\/wp\/v2\/product"}],"about":[{"href":"https:\/\/zonaproxima.com\/en\/wp-json\/wp\/v2\/types\/product"}],"replies":[{"embeddable":true,"href":"https:\/\/zonaproxima.com\/en\/wp-json\/wp\/v2\/comments?post=4880"}],"version-history":[{"count":0,"href":"https:\/\/zonaproxima.com\/en\/wp-json\/wp\/v2\/product\/4880\/revisions"}],"wp:featuredmedia":[{"embeddable":true,"href":"https:\/\/zonaproxima.com\/en\/wp-json\/wp\/v2\/media\/1209"}],"wp:attachment":[{"href":"https:\/\/zonaproxima.com\/en\/wp-json\/wp\/v2\/media?parent=4880"}],"wp:term":[{"taxonomy":"product_brand","embeddable":true,"href":"https:\/\/zonaproxima.com\/en\/wp-json\/wp\/v2\/product_brand?post=4880"},{"taxonomy":"product_cat","embeddable":true,"href":"https:\/\/zonaproxima.com\/en\/wp-json\/wp\/v2\/product_cat?post=4880"},{"taxonomy":"product_tag","embeddable":true,"href":"https:\/\/zonaproxima.com\/en\/wp-json\/wp\/v2\/product_tag?post=4880"}],"curies":[{"name":"wp","href":"https:\/\/api.w.org\/{rel}","templated":true}]}}