{"id":4876,"date":"2022-05-18T08:13:15","date_gmt":"2022-05-18T08:13:15","guid":{"rendered":"https:\/\/zonaproxima.com\/?post_type=product&#038;p=4876"},"modified":"2022-05-25T10:04:22","modified_gmt":"2022-05-25T08:04:22","slug":"quincenal-busqueda-de-embarazo","status":"publish","type":"product","link":"https:\/\/zonaproxima.com\/en\/product\/quincenal-busqueda-de-embarazo\/","title":{"rendered":"Quincenal: B\u00fasqueda de Embarazo"},"content":{"rendered":"","protected":false},"excerpt":{"rendered":"<p>Gratuito para los miembros de la Comunidad.<\/p>\n<p>Precio para no miembros: 30&euro; o hazte miembro de la comunidad por 11&euro; al mes haciendo &lt;a href=&quot;\/en\/&raquo;https:\/\/zonaproxima.com\/politica-de-privacidad\/&raquo;\/&quot;&gt;click aqu&iacute;.&lt;\/a&gt;.<\/p>\n<ul>\n<li>\u00a0Reproducci\u00f3n asistida, m\u00e9todo sintot\u00e9rmico, acompa\u00f1amiento y apoyo emocional y psicol\u00f3gico de las diferentes etapas, ansiedad, miedo, frustraci\u00f3n, compartir experiencias\u2026\n<ul>\n<li><strong>Acceso a:<\/strong>\u00a0Aurora Berm\u00fadez y\/o Carlos Ortega y\/o alguno de sus colaboradores seg\u00fan el taller.<\/li>\n<li><strong>Horario:<\/strong>\u00a0lunes alternos: ma\u00f1anas (11:30h a 13h) y tardes (16:30h a 18h).<\/li>\n<\/ul>\n<\/li>\n<\/ul>\n<p>*Consulta enlace de entrada en el icono de mi cuenta > Miembro de la Comunidad > Acceso a los talleres.<\/p>","protected":false},"featured_media":4655,"comment_status":"open","ping_status":"closed","template":"","meta":{"site-sidebar-layout":"default","site-content-layout":"default","ast-site-content-layout":"default","site-content-style":"default","site-sidebar-style":"default","ast-global-header-display":"","ast-banner-title-visibility":"","ast-main-header-display":"","ast-hfb-above-header-display":"","ast-hfb-below-header-display":"","ast-hfb-mobile-header-display":"","site-post-title":"","ast-breadcrumbs-content":"","ast-featured-img":"","footer-sml-layout":"","ast-disable-related-posts":"","theme-transparent-header-meta":"default","adv-header-id-meta":"","stick-header-meta":"default","header-above-stick-meta":"","header-main-stick-meta":"","header-below-stick-meta":"","astra-migrate-meta-layouts":"default","ast-page-background-enabled":"default","ast-page-background-meta":{"desktop":{"background-color":"var(--ast-global-color-4)","background-image":"","background-repeat":"repeat","background-position":"center center","background-size":"auto","background-attachment":"scroll","background-type":"","background-media":"","overlay-type":"","overlay-color":"","overlay-opacity":"","overlay-gradient":""},"tablet":{"background-color":"","background-image":"","background-repeat":"repeat","background-position":"center center","background-size":"auto","background-attachment":"scroll","background-type":"","background-media":"","overlay-type":"","overlay-color":"","overlay-opacity":"","overlay-gradient":""},"mobile":{"background-color":"","background-image":"","background-repeat":"repeat","background-position":"center center","background-size":"auto","background-attachment":"scroll","background-type":"","background-media":"","overlay-type":"","overlay-color":"","overlay-opacity":"","overlay-gradient":""}},"ast-content-background-meta":{"desktop":{"background-color":"var(--ast-global-color-5)","background-image":"","background-repeat":"repeat","background-position":"center center","background-size":"auto","background-attachment":"scroll","background-type":"","background-media":"","overlay-type":"","overlay-color":"","overlay-opacity":"","overlay-gradient":""},"tablet":{"background-color":"var(--ast-global-color-5)","background-image":"","background-repeat":"repeat","background-position":"center center","background-size":"auto","background-attachment":"scroll","background-type":"","background-media":"","overlay-type":"","overlay-color":"","overlay-opacity":"","overlay-gradient":""},"mobile":{"background-color":"var(--ast-global-color-5)","background-image":"","background-repeat":"repeat","background-position":"center center","background-size":"auto","background-attachment":"scroll","background-type":"","background-media":"","overlay-type":"","overlay-color":"","overlay-opacity":"","overlay-gradient":""}}},"product_brand":[],"product_cat":[29,91],"product_tag":[],"class_list":{"0":"post-4876","1":"product","2":"type-product","3":"status-publish","4":"has-post-thumbnail","6":"product_cat-busqueda-del-embarazo","7":"product_cat-gratis-comunidad","8":"desktop-align-center","9":"tablet-align-center","10":"mobile-align-center","11":"ast-product-gallery-layout-horizontal-slider","12":"ast-product-gallery-with-no-image","13":"ast-product-tabs-layout-horizontal","15":"first","16":"instock","17":"taxable","18":"shipping-taxable","19":"purchasable","20":"product-type-simple"},"_links":{"self":[{"href":"https:\/\/zonaproxima.com\/en\/wp-json\/wp\/v2\/product\/4876","targetHints":{"allow":["GET"]}}],"collection":[{"href":"https:\/\/zonaproxima.com\/en\/wp-json\/wp\/v2\/product"}],"about":[{"href":"https:\/\/zonaproxima.com\/en\/wp-json\/wp\/v2\/types\/product"}],"replies":[{"embeddable":true,"href":"https:\/\/zonaproxima.com\/en\/wp-json\/wp\/v2\/comments?post=4876"}],"version-history":[{"count":0,"href":"https:\/\/zonaproxima.com\/en\/wp-json\/wp\/v2\/product\/4876\/revisions"}],"wp:featuredmedia":[{"embeddable":true,"href":"https:\/\/zonaproxima.com\/en\/wp-json\/wp\/v2\/media\/4655"}],"wp:attachment":[{"href":"https:\/\/zonaproxima.com\/en\/wp-json\/wp\/v2\/media?parent=4876"}],"wp:term":[{"taxonomy":"product_brand","embeddable":true,"href":"https:\/\/zonaproxima.com\/en\/wp-json\/wp\/v2\/product_brand?post=4876"},{"taxonomy":"product_cat","embeddable":true,"href":"https:\/\/zonaproxima.com\/en\/wp-json\/wp\/v2\/product_cat?post=4876"},{"taxonomy":"product_tag","embeddable":true,"href":"https:\/\/zonaproxima.com\/en\/wp-json\/wp\/v2\/product_tag?post=4876"}],"curies":[{"name":"wp","href":"https:\/\/api.w.org\/{rel}","templated":true}]}}