{"id":1766,"date":"2022-03-15T07:54:49","date_gmt":"2022-03-15T07:54:49","guid":{"rendered":"https:\/\/zonaproxima.com\/?post_type=product&#038;p=1766"},"modified":"2023-05-10T12:15:53","modified_gmt":"2023-05-10T10:15:53","slug":"sesion-individual","status":"publish","type":"product","link":"https:\/\/zonaproxima.com\/en\/product\/sesion-individual\/","title":{"rendered":"Sesi\u00f3n Individual"},"content":{"rendered":"","protected":false},"excerpt":{"rendered":"<p>Reuni\u00f3n privada para abordar dificultades mediante varias herramientas (coaching, inteligencia emocional, PNL, psicolog\u00eda transpersonal, crecimiento personal, asesor\u00eda de lactancia).<\/p>\n<p>Dos horas: 100\u20ac<\/p>\n<p>Hora y media: 80\u20ac<\/p>\n<p>Hora: 60\u20ac<\/p>\n<p>Media hora: 30\u20ac<\/p>\n<p><strong>Bono 10 sesiones<\/strong>: 20% de descuento aplicado a cualquiera de las opciones. Siguientes sesiones individuales fuera de bono se mantiene 20% de descuento.<\/p>","protected":false},"featured_media":4815,"comment_status":"open","ping_status":"closed","template":"","meta":{"site-sidebar-layout":"no-sidebar","site-content-layout":"page-builder","ast-site-content-layout":"default","site-content-style":"default","site-sidebar-style":"default","ast-global-header-display":"","ast-banner-title-visibility":"","ast-main-header-display":"","ast-hfb-above-header-display":"","ast-hfb-below-header-display":"","ast-hfb-mobile-header-display":"","site-post-title":"disabled","ast-breadcrumbs-content":"","ast-featured-img":"disabled","footer-sml-layout":"","ast-disable-related-posts":"","theme-transparent-header-meta":"default","adv-header-id-meta":"","stick-header-meta":"default","header-above-stick-meta":"","header-main-stick-meta":"","header-below-stick-meta":"","astra-migrate-meta-layouts":"default","ast-page-background-enabled":"default","ast-page-background-meta":{"desktop":{"background-color":"var(--ast-global-color-4)","background-image":"","background-repeat":"repeat","background-position":"center center","background-size":"auto","background-attachment":"scroll","background-type":"","background-media":"","overlay-type":"","overlay-color":"","overlay-opacity":"","overlay-gradient":""},"tablet":{"background-color":"","background-image":"","background-repeat":"repeat","background-position":"center center","background-size":"auto","background-attachment":"scroll","background-type":"","background-media":"","overlay-type":"","overlay-color":"","overlay-opacity":"","overlay-gradient":""},"mobile":{"background-color":"","background-image":"","background-repeat":"repeat","background-position":"center center","background-size":"auto","background-attachment":"scroll","background-type":"","background-media":"","overlay-type":"","overlay-color":"","overlay-opacity":"","overlay-gradient":""}},"ast-content-background-meta":{"desktop":{"background-color":"var(--ast-global-color-5)","background-image":"","background-repeat":"repeat","background-position":"center center","background-size":"auto","background-attachment":"scroll","background-type":"","background-media":"","overlay-type":"","overlay-color":"","overlay-opacity":"","overlay-gradient":""},"tablet":{"background-color":"var(--ast-global-color-5)","background-image":"","background-repeat":"repeat","background-position":"center center","background-size":"auto","background-attachment":"scroll","background-type":"","background-media":"","overlay-type":"","overlay-color":"","overlay-opacity":"","overlay-gradient":""},"mobile":{"background-color":"var(--ast-global-color-5)","background-image":"","background-repeat":"repeat","background-position":"center center","background-size":"auto","background-attachment":"scroll","background-type":"","background-media":"","overlay-type":"","overlay-color":"","overlay-opacity":"","overlay-gradient":""}}},"product_brand":[],"product_cat":[35],"product_tag":[48],"class_list":{"0":"post-1766","1":"product","2":"type-product","3":"status-publish","4":"has-post-thumbnail","6":"product_cat-sesion-privada","7":"product_tag-sesion-individual","8":"desktop-align-center","9":"tablet-align-center","10":"mobile-align-center","11":"ast-product-gallery-layout-horizontal-slider","12":"ast-product-gallery-with-no-image","13":"ast-product-single-variable","14":"ast-product-tabs-layout-horizontal","16":"first","17":"instock","18":"taxable","19":"shipping-taxable","20":"purchasable","21":"product-type-variable"},"_links":{"self":[{"href":"https:\/\/zonaproxima.com\/en\/wp-json\/wp\/v2\/product\/1766","targetHints":{"allow":["GET"]}}],"collection":[{"href":"https:\/\/zonaproxima.com\/en\/wp-json\/wp\/v2\/product"}],"about":[{"href":"https:\/\/zonaproxima.com\/en\/wp-json\/wp\/v2\/types\/product"}],"replies":[{"embeddable":true,"href":"https:\/\/zonaproxima.com\/en\/wp-json\/wp\/v2\/comments?post=1766"}],"version-history":[{"count":0,"href":"https:\/\/zonaproxima.com\/en\/wp-json\/wp\/v2\/product\/1766\/revisions"}],"wp:featuredmedia":[{"embeddable":true,"href":"https:\/\/zonaproxima.com\/en\/wp-json\/wp\/v2\/media\/4815"}],"wp:attachment":[{"href":"https:\/\/zonaproxima.com\/en\/wp-json\/wp\/v2\/media?parent=1766"}],"wp:term":[{"taxonomy":"product_brand","embeddable":true,"href":"https:\/\/zonaproxima.com\/en\/wp-json\/wp\/v2\/product_brand?post=1766"},{"taxonomy":"product_cat","embeddable":true,"href":"https:\/\/zonaproxima.com\/en\/wp-json\/wp\/v2\/product_cat?post=1766"},{"taxonomy":"product_tag","embeddable":true,"href":"https:\/\/zonaproxima.com\/en\/wp-json\/wp\/v2\/product_tag?post=1766"}],"curies":[{"name":"wp","href":"https:\/\/api.w.org\/{rel}","templated":true}]}}