{"id":1569,"date":"2022-03-14T08:08:43","date_gmt":"2022-03-14T08:08:43","guid":{"rendered":"https:\/\/zonaproxima.com\/?page_id=1569"},"modified":"2022-03-24T19:33:07","modified_gmt":"2022-03-24T19:33:07","slug":"condiciones-generales-de-contratacion","status":"publish","type":"page","link":"https:\/\/zonaproxima.com\/en\/condiciones-generales-de-contratacion\/","title":{"rendered":"condiciones-generales-de-contratacion"},"content":{"rendered":"<div data-elementor-type=\"wp-page\" data-elementor-id=\"1569\" class=\"elementor elementor-1569\" data-elementor-post-type=\"page\">\n\t\t\t\t\t\t<section class=\"elementor-section elementor-top-section elementor-element elementor-element-07ca2e3 elementor-section-full_width elementor-section-height-default elementor-section-height-default\" data-id=\"07ca2e3\" data-element_type=\"section\" data-e-type=\"section\" data-settings=\"{&quot;background_background&quot;:&quot;gradient&quot;}\">\n\t\t\t\t\t\t<div class=\"elementor-container elementor-column-gap-default\">\n\t\t\t\t\t<div class=\"elementor-column elementor-col-100 elementor-top-column elementor-element elementor-element-7e480d6\" data-id=\"7e480d6\" data-element_type=\"column\" data-e-type=\"column\">\n\t\t\t<div class=\"elementor-widget-wrap elementor-element-populated\">\n\t\t\t\t\t\t<div class=\"elementor-element elementor-element-7924fc0 elementor-widget elementor-widget-heading\" data-id=\"7924fc0\" data-element_type=\"widget\" data-e-type=\"widget\" data-widget_type=\"heading.default\">\n\t\t\t\t<div class=\"elementor-widget-container\">\n\t\t\t\t\t<h1 class=\"elementor-heading-title elementor-size-default\">Condiciones Generales de Contrataci\u00f3n<\/h1>\t\t\t\t<\/div>\n\t\t\t\t<\/div>\n\t\t\t\t\t<\/div>\n\t\t<\/div>\n\t\t\t\t\t<\/div>\n\t\t<\/section>\n\t\t\t\t<section class=\"elementor-section elementor-top-section elementor-element elementor-element-6e488fb elementor-section-boxed elementor-section-height-default elementor-section-height-default\" data-id=\"6e488fb\" data-element_type=\"section\" data-e-type=\"section\">\n\t\t\t\t\t\t<div class=\"elementor-container elementor-column-gap-default\">\n\t\t\t\t\t<div class=\"elementor-column elementor-col-100 elementor-top-column elementor-element elementor-element-05882d8\" data-id=\"05882d8\" data-element_type=\"column\" data-e-type=\"column\">\n\t\t\t<div class=\"elementor-widget-wrap elementor-element-populated\">\n\t\t\t\t\t\t<div class=\"elementor-element elementor-element-8b47f1c elementor-widget elementor-widget-text-editor\" data-id=\"8b47f1c\" data-element_type=\"widget\" data-e-type=\"widget\" data-widget_type=\"text-editor.default\">\n\t\t\t\t<div class=\"elementor-widget-container\">\n\t\t\t\t\t\t\t\t\t<p>En la presente secci\u00f3n se establece la contrataci\u00f3n y adquisici\u00f3n de los productos a trav\u00e9s del sitio web https:\/\/www.zonaproxima.com, propiedad de&nbsp;<span style=\"caret-color: #000000; font-family: Calibri, sans-serif; font-size: 14.6667px; text-align: start; text-size-adjust: auto;\">Aurora Berm\u00fadez C\u00e1ceres<\/span>.<\/p>\n<p>Mediante la aceptaci\u00f3n del presente contrato, el consumidor y\/o usuario (en adelante cliente) acepta lo siguiente:<\/p>\n<ol>\n<li>Que es una persona con capacidad suficiente para contratar.<\/li>\n<li>Que ha le\u00eddo, entiende y acepta sin reservas y cada uno de los puntos de las presentes condiciones generales de contrataci\u00f3n.<\/li>\n<li>Que asume todas las obligaciones establecidas.<\/li>\n<\/ol>\n<p><strong>Zona Pr\u00f3xima<\/strong>&nbsp;no tiene por objeto el tratamiento de datos correspondientes a menores de edad.&nbsp;<strong>Zona Pr\u00f3xima<\/strong>&nbsp;s\u00f3lo vende a personas mayores de edad conforme a la legislaci\u00f3n espa\u00f1ola (art\u00edculo 315 del C\u00f3digo civil).<\/p>\n<p>Las presentes condiciones tendr\u00e1n un periodo de&nbsp;<strong>validez indefinido<\/strong> y ser\u00e1n aplicables a todas las contrataciones realizadas a trav\u00e9s de la web de https:\/\/www.zonaproxima.com.<\/p>\n<p><strong>Zona Pr\u00f3xima<\/strong>&nbsp;se reserva el derecho de modificar la oferta contractual, constituida por las presentes condiciones generales y la lista de productos y sus precios, en cualquier momento, si bien dichas modificaciones no se efectuar\u00e1n con las contrataciones ya realizadas por el consumidor y\/o usuario previamente. Por todo ello, se recomienda su lectura antes de proceder a la compra de cualquier producto\/y o servicios ofertados.<\/p>\n<p><strong>IDENTIDADES DE LAS PARTES<\/strong><\/p>\n<p>Por una parte, Zona Pr\u00f3xima. (Titular de la web https:\/\/www.zonaproxima.com) con NIF:&nbsp;<span style=\"font-family: Calibri, sans-serif; font-size: 14.6667px; text-align: start; caret-color: #000000;\">51426537D<\/span><span style=\"font-style: inherit; font-weight: inherit;\">&nbsp;como proveedor de los productos contratados por el consumidor y\/o usuario, con domicilio social en&nbsp;<\/span><span style=\"font-family: Calibri, sans-serif; font-size: 14.6667px; text-align: start; caret-color: #000000;\">Jose Mar\u00eda Pem\u00e1n, 24. Peal de Becerro Ja\u00e9n 23460<\/span><span style=\"font-style: inherit; font-weight: inherit;\">. Direcci\u00f3n de contacto info@zonaproxima.com y el tel\u00e9fono (+34)&nbsp;<\/span><span style=\"font-family: Calibri, sans-serif; font-size: 14.6667px; text-align: start; caret-color: #000000;\">645561368<\/span><span style=\"font-style: inherit; font-weight: inherit;\">.<\/span><\/p>\n<p>Por otra parte, el cliente, cuyo prop\u00f3sito es ser consumidor y\/o usuario de la misma y\/o contratar los productos o servicios de&nbsp;<strong>Zona Pr\u00f3xima<\/strong>.<\/p>\n<p><strong>COMUNICACI\u00d3N Y CONTACTO<\/strong><\/p>\n<p>A efectos de comunicaciones,&nbsp;<strong>Zona Pr\u00f3xima<\/strong>&nbsp;pone a la disposici\u00f3n del cliente los siguientes medios:<\/p>\n<ul>\n<li>Email: info@zonaproxima.com<\/li>\n<li>Tel\u00e9fono: (+34) 645561368<\/li>\n<li>Direcci\u00f3n postal: Jose Mar\u00eda Pem\u00e1n, 24. Peal de Becerro Ja\u00e9n 23460<\/li>\n<li>Formulario de contacto y de atenci\u00f3n al usuario<\/li>\n<\/ul>\n<p>Las comunicaciones que se realicen entre el cliente y&nbsp;<strong>Zona Pr\u00f3xima<\/strong>&nbsp;por dichos medios se considerar\u00e1n eficaces y v\u00e1lidos a todos los efectos.<\/p>\n<p><strong>RESPONSABILIDAD DEL CLIENTE<\/strong><\/p>\n<p>El cliente se obliga a realizar un uso l\u00edcito de la web y de los servicios en ella prestados, respetando la legislaci\u00f3n vigente y absteni\u00e9ndose de lesionar los derechos e intereses de terceras personas y de&nbsp;<strong>Zona Pr\u00f3xima.<\/strong><\/p>\n<p>El cliente tiene responsabilidad por la veracidad de los datos que proporcione a&nbsp;<strong>Zona Pr\u00f3xima<\/strong>&nbsp;por tanto responde de las consecuencias que se pudieran ocasionar por proporcionar datos falsos o err\u00f3neos en la presente web.<\/p>\n<p>El cliente ha de respetar y de aceptar las&nbsp;<strong>condiciones generales de contrataci\u00f3n, el aviso legal, las condiciones de uso y de privacidad<\/strong>&nbsp;establecidos en la presente web.<\/p>\n<p>El incumplimiento de lo anterior, podr\u00e1 dar lugar a la retirada o cancelaci\u00f3n de los servicios por parte de&nbsp;<strong>Zona Pr\u00f3xima<\/strong>&nbsp;sin necesidad de preaviso y sin que ello de derecho a indemnizaci\u00f3n alguna, as\u00ed como, al inicio de acciones legales a las que tuviera derecho a acudir&nbsp;<strong>Zona Pr\u00f3xima<\/strong>.<\/p>\n<p><strong>RESPONSABILIDAD DE ZONA PR\u00d3XIMA<\/strong><\/p>\n<p><strong>Zona Pr\u00f3xima<\/strong>&nbsp;se compromete a respetar las obligaciones establecidas en las presentes condiciones generales de contrataci\u00f3n establecidas.<\/p>\n<p>Para cualquier informaci\u00f3n o solventar dudas, el cliente contar\u00e1 con el formulario establecido a tal efecto en la secci\u00f3n \u00abContacto\u00bb o bien a trav\u00e9s del tel\u00e9fono (+34)&nbsp;<span style=\"font-family: Calibri, sans-serif; font-size: 14.6667px; text-align: start; caret-color: #000000;\">645561368<\/span><span style=\"font-style: inherit; font-weight: inherit;\">, o v\u00eda correo electr\u00f3nico a la direcci\u00f3n de e-mail info@zonaproxima.com indicando el n\u00famero de pedido o estableciendo su consulta.<\/span><\/p>\n<p><strong>IDIOMA<\/strong><\/p>\n<p>El idioma en que se perfecciona la relaci\u00f3n con el cliente ser\u00e1 el castellano.<\/p>\n<p><strong>OBJETO DEL CONTRATO (DESCRIPCI\u00d3N DE LOS PRODUCTOS)<\/strong><\/p>\n<p>El objeto del presente contrato es regular la relaci\u00f3n existente entre&nbsp;<strong>Zona Pr\u00f3xima<\/strong>&nbsp;y el cliente en el momento en que \u00e9ste otorga su consentimiento durante el proceso de contrataci\u00f3n al aceptar la casilla correspondiente. (Casilla que, previo a su aceptaci\u00f3n, informar\u00e1 acerca de las presentes condiciones generales de contrataci\u00f3n).<\/p>\n<p>La relaci\u00f3n contractual de compra \u2013 venta conllevar\u00e1 la entrega a cambio de un precio determinado en la web de un producto.<\/p>\n<p><strong>PROCEDIMIENTO DE CONTRATACI\u00d3N<\/strong><\/p>\n<p>La compra de los productos de&nbsp;<strong>Zona Pr\u00f3xima<\/strong>&nbsp;se puede realizar de la siguiente forma:<\/p>\n<p>Se informa que de conformidad con lo exigido por el art. 27 de la Ley 34\/2002 de Servicios de la Sociedad de la Informaci\u00f3n y del Comercio Electr\u00f3nico, el procedimiento de contrataci\u00f3n seguir\u00e1 los siguientes pasos:<\/p>\n<p><strong>1.- Registro (opcional)<\/strong><\/p>\n<p>Con el objetivo de simplificar al m\u00e1ximo posible el proceso de compra, el usuario puede registrarse a trav\u00e9s de un formulario establecido al efecto en la secci\u00f3n \u00abUSUARIOS\u00bb, o bien cuando se vaya a realizar la compra de un producto.<br>Para realizar dicho registro proceder\u00e1 a la creaci\u00f3n de una cuenta de usuario. Para ello, el usuario deber\u00e1 proporcionar de manera libre y voluntaria los datos personales que le ser\u00e1n requeridos<\/p>\n<p>El usuario seleccionar\u00e1 un nombre de usuario y una contrase\u00f1a, comprometi\u00e9ndose a hacer uso diligente de los mismos, y no ponerlos a disposici\u00f3n de terceros, as\u00ed como a comunicar al prestador la p\u00e9rdida o robo de los mismos o del posible acceso por un tercero no autorizado, de tal forma que \u00e9ste proceda al bloqueo inmediato.<\/p>\n<p>El usuario no podr\u00e1 elegir como nombre de usuario palabras que tengan como fin, el confundir a otros por identificar a \u00e9ste como miembro integrante del prestador, as\u00ed como expresiones malsonantes, injuriosas y en general, contrarias a la ley o a las exigencias de la moral y buenas costumbres.<\/p>\n<p>No obstante, lo anterior, el usuario podr\u00e1 tener como opci\u00f3n la realizaci\u00f3n de la compra sin registrarse en la plataforma.<\/p>\n<p><strong>2.- Elecci\u00f3n del producto y compra<\/strong><\/p>\n<p>En la parte central y superior aparecen las distintas modalidades de productos.<\/p>\n<ol>\n<li>Pulsar sobre la categor\u00eda deseada y elegir el producto que se quiere adquirir. Posteriormente aparecer\u00e1 una ficha descriptiva en donde se detalla las caracter\u00edsticas del mismo y su precio con IVA.<\/li>\n<li>En el caso de que el producto seleccionado no est\u00e9 disponible como stock, aparecer\u00e1 expresamente indicado y no podr\u00e1 ser a\u00f1adido \u00abal carrito\u00bb.<\/li>\n<li>Para a\u00f1adir el producto disponible deseado \u00abal carrito\u00bb, se ha de pinchar sobre el enlace \u00abcomprar\u00bb o \u00abA\u00f1adir al Carrito\u00bb. Posteriormente aparecer\u00e1 el men\u00fa de compra, en donde el usuario podr\u00e1 saber el precio total de la compra, as\u00ed como tener la posibilidad de cancelarla a trav\u00e9s del comando Borrar.<\/li>\n<li>Una vez realizada la selecci\u00f3n de productos que se quiera adquirir, el comprador ha de rellenar un formulario en el caso de que no se haya registrado con anterioridad. Esta cumplimentaci\u00f3n se hace con la finalidad de realizar el env\u00edo, la facturaci\u00f3n y gestionar sus datos personales.<\/li>\n<li>Una vez finalizado el proceso de compra, aparecer\u00e1 un resumen del proceso anterior con los datos facilitados, con el objeto de que pueda o bien rectificar alg\u00fan dato o bien confirmar su pedido.<\/li>\n<li>Realizar\u00e1 el pago del producto seg\u00fan el procedimiento seleccionado.<\/li>\n<li>Se finaliza la compra.<\/li>\n<li>Una vez realizada la compra y en un plazo m\u00e1ximo de 24 horas&nbsp;<strong>Zona Pr\u00f3xima <\/strong>remitir\u00e1 por email un comprobante de la compra<\/li>\n<\/ol>\n<p><strong>PRODUCTOS \/ SERVICIOS OFRECIDOS<\/strong><\/p>\n<p>Las caracter\u00edsticas principales de cada producto est\u00e1n descritas en sus correspondientes fichas o secciones. (Caracter\u00edsticas, precio, ofertas, descuentos, etc.).<\/p>\n<p>Las ofertas estar\u00e1n debidamente marcadas e identificadas como tal, indicando convenientemente el precio anterior y el precio de la oferta.<\/p>\n<p>La venta de productos s\u00f3lo se realizar\u00e1 en territorio espa\u00f1ol, concretamente en la pen\u00ednsula ib\u00e9rica y Baleares, excluy\u00e9ndose expresamente el resto de territorios.<\/p>\n<p>Para cualquier informaci\u00f3n sobre el pedido, el cliente contar\u00e1 con el formulario establecido a tal efecto en la secci\u00f3n \u00abContacto\u00bb, o bien a trav\u00e9s del tel\u00e9fono (+34)&nbsp;<span style=\"font-family: Calibri, sans-serif; font-size: 14.6667px; text-align: start; caret-color: #000000;\">645561368<\/span><span style=\"font-style: inherit; font-weight: inherit;\">, o v\u00eda correo electr\u00f3nico a la direcci\u00f3n de e-mail info@zonaproxima.com es indicando el n\u00famero de pedido que le fue asignado en el correo electr\u00f3nico de confirmaci\u00f3n de la compra.<\/span><\/p>\n<p><strong>PRECIO Y PLAZO DE VALIDEZ DE LOS PRODUCTOS<\/strong><\/p>\n<p>El cliente acepta que la valoraci\u00f3n econ\u00f3mica de algunos de los productos puede variar en tiempo real. Como consecuencia, el precio a aplicar ser\u00e1 el vigente en la fecha de realizaci\u00f3n del pedido. No obstante, lo anterior, dicho precio final ser\u00e1 comunicado al cliente en el proceso de compra electr\u00f3nica de forma previa y antes de que \u00e9ste proceda a formalizar su aceptaci\u00f3n de la compra.<\/p>\n<p>Los precios que se indican respecto a cada producto incluyen el Impuesto sobre el Valor A\u00f1adido (IVA) y en todo caso se expresar\u00e1n en la moneda Euro (\u20ac).<\/p>\n<p>Los tipos impositivos de IVA pueden variar dependiendo del pa\u00eds de destino y de la naturaleza de los productos del pedido.<\/p>\n<p>En los precios se\u00f1alados en los productos salvo que se indique expresamente lo contrario, no incluyen los gastos de env\u00edo, seguro de env\u00edos o cualesquiera otros servicios adicionales y anexos al producto adquirido.<\/p>\n<p>No obstante, lo anterior, el cliente podr\u00e1 comprobar y calcular el precio total del producto con los desgloses exactos antes de proceder a formalizar el pago en el proceso de compra de la web.<\/p>\n<p><strong>FORMA DE PAGO<\/strong><\/p>\n<ol>\n<li><strong>Con tarjeta de cr\u00e9dito.<\/strong>A trav\u00e9s de este medio de pago, el cliente tendr\u00e1 que facilitar su n\u00famero de tarjeta, la fecha de caducidad y su n\u00famero CVV. En este caso, sus datos ser\u00e1n cifrados y enviados bajo servidor seguro al TPV virtual del banco. Este procedimiento no facilita el n\u00famero de tarjeta a&nbsp;<strong>Zona Pr\u00f3xima<\/strong>.<\/li>\n<li><strong>Bizum<\/strong>: El cliente podr\u00e1 efectuar el pago mediante esta modalidad, para ello el cliente debe elegir pagar con Bizum, introducir sus datos (n\u00famero de tel\u00e9fono) y, por \u00faltimo, validar la compra (finalizar la compra en la app del banco del cliente o introduciendo la clave bizum).<\/li>\n<li><strong>Mediante PayPal<\/strong>: Para que el cliente pueda abonar sus compras por medio de este sistema debe de disponer de una cuenta PayPal. Para m\u00e1s informaci\u00f3n&nbsp;<a href=\"http:\/\/www.paypal.es\/\" target=\"_blank\" rel=\"noopener\">paypal.es<\/a>.<\/li>\n<\/ol>\n<p><strong>PLAZOS Y ENTREGA PEDIDOS<br><\/strong>Sole se podr\u00e1n adquirir productos digitales que estar\u00e1n a disposici\u00f3n del cliente en el momento de recibir el pago correspondiente por cada uno de ellos. No se realiza ning\u00fan tipo de env\u00edo f\u00edsico a trav\u00e9s de ning\u00fan medio de transporte.<\/p>\n<p><strong>FUERZA MAYOR<\/strong><\/p>\n<p>Ninguna de las partes contratantes tendr\u00e1 responsabilidad alguna ante cualquier tipo de falta debida a causa mayor. La finalizaci\u00f3n del contrato se pospondr\u00e1 hasta la terminaci\u00f3n de la situaci\u00f3n de fuerza mayor.<\/p>\n<p><strong>DERECHO DE DESISTIMIENTO<\/strong><\/p>\n<p>Tendr\u00e1 usted derecho a desistir del contrato que le da acceso al taller\/curso online en un plazo de 14 d\u00edas naturales sin necesidad de justificaci\u00f3n. Este plazo comenzar\u00e1 a contar desde el momento del pago\/abono del taller\/curso. Para ejercer este derecho, deber\u00e1 notificar a la Zona Pr\u00f3xima su decisi\u00f3n de desistir del contrato a trav\u00e9s de una declaraci\u00f3n inequ\u00edvoca que podr\u00e1 enviar mediante el siguiente formulario en nuestro sitio web o utilizando cualquier otro medio admitido en derecho: https:\/\/zonaproxima.com\/contacto\/ eligiendo la opci\u00f3n \u00abdesistimiento\u00bb u \u00abotros\u00bb e indicando claramente su decisi\u00f3n de desistir. Para cumplir el plazo de desistimiento, es suficiente con que la comunicaci\u00f3n relativa al ejercicio de su derecho sea enviada antes de que venza el plazo. Adem\u00e1s, usted podr\u00e1 cancelar su asistencia solicitando la devoluci\u00f3n hasta 24h antes de iniciar el curso.<\/p>\n<p>Una vez iniciado el curso no se admitir\u00e1n desistimientos y no se realizar\u00e1n devoluciones. Mediante el pago del taller\/curso usted acepta y da su consentimiento a que la prestaci\u00f3n del servicio objeto del contrato pueda dar comienzo antes de que finalice el periodo de desistimiento, por lo que el inicio de la prestaci\u00f3n de los servicios conllevar\u00e1 la p\u00e9rdida de su derecho de desistimiento.<\/p>\n<p>En caso de que usted ejercite en el plazo y forma indicados su derecho de desistimiento, conforme a lo indicado anteriormente, le reembolsaremos todos los pagos que hubiera efectuado. Este abono se realizar\u00e1 en el plazo de 14 d\u00edas naturales a partir de la fecha en la que nos informe de su decisi\u00f3n de desistir del contrato.&nbsp;<\/p>\n<p>La devoluci\u00f3n del taller\/curso se realizar\u00e1 utilizando el mismo medio de pago empleado por usted para obtener el acceso al taller\/curso. Esta devoluci\u00f3n no le causar\u00e1 ning\u00fan gasto. Recibir\u00e1 el importe \u00edntegro, en el plazo de 7 a 15 d\u00edas laborables.<\/p>\n<p><strong>GARANT\u00cdAS APLICABLES<\/strong><\/p>\n<p>La garant\u00eda contractual ofrecida es la que se establece en el Real Decreto Legislativo 1\/2007, de 16 de noviembre, por el que se aprueba el texto refundido de la Ley General para la Defensa de los Consumidores y Usuarios.&nbsp;<strong>Zona Pr\u00f3xima<\/strong>&nbsp;responder\u00e1 de las faltas de conformidad que se manifiesten en el plazo de dos a\u00f1os desde la entrega, siempre y cuando el cliente haya informado a&nbsp;<strong>Zona Pr\u00f3xima<\/strong>&nbsp;de dicha falta de conformidad en el plazo de dos meses desde que tuvo conocimiento de ella. En caso de producto defectuoso, el vendedor proceder\u00e1, seg\u00fan corresponda, a la reparaci\u00f3n, sustituci\u00f3n, rebaja del precio o resoluci\u00f3n del contrato.<\/p>\n<p><strong>HOJAS DE RECLAMACIONES<\/strong><\/p>\n<p><span style=\"font-style: inherit; font-weight: inherit;\">El consumidor&nbsp;<\/span><span style=\"font-size: 1rem;\">podr\u00e1, solicitar&nbsp;<\/span><span style=\"font-size: 1rem;\">hojas de reclamaciones, conforme establece la normativa competente en esta materia&nbsp;<\/span><span style=\"font-size: 1rem; font-style: inherit; font-weight: inherit;\">mediante el formulario de contacto establecido al efecto en la secci\u00f3n \u00abContacto\u00bb o a la direcci\u00f3n electr\u00f3nica info@zonaproxima.com.<\/span><span style=\"font-style: inherit; font-weight: inherit;\">&nbsp;y\/o usuario tiene a su disposici\u00f3n.<\/span><\/p>\t\t\t\t\t\t\t\t<\/div>\n\t\t\t\t<\/div>\n\t\t\t\t\t<\/div>\n\t\t<\/div>\n\t\t\t\t\t<\/div>\n\t\t<\/section>\n\t\t\t\t<\/div>","protected":false},"excerpt":{"rendered":"<p>Condiciones Generales de Contrataci\u00f3n En la presente secci\u00f3n se establece la contrataci\u00f3n y adquisici\u00f3n de los productos a trav\u00e9s del sitio web https:\/\/www.zonaproxima.com, propiedad de&nbsp;Aurora Berm\u00fadez C\u00e1ceres. Mediante la aceptaci\u00f3n del presente contrato, el consumidor y\/o usuario (en adelante cliente) acepta lo siguiente: Que es una persona con capacidad suficiente para contratar. Que ha le\u00eddo, [&hellip;]<\/p>\n","protected":false},"author":21,"featured_media":0,"parent":0,"menu_order":0,"comment_status":"closed","ping_status":"closed","template":"","meta":{"site-sidebar-layout":"no-sidebar","site-content-layout":"page-builder","ast-site-content-layout":"default","site-content-style":"default","site-sidebar-style":"default","ast-global-header-display":"","ast-banner-title-visibility":"","ast-main-header-display":"","ast-hfb-above-header-display":"","ast-hfb-below-header-display":"","ast-hfb-mobile-header-display":"","site-post-title":"disabled","ast-breadcrumbs-content":"","ast-featured-img":"disabled","footer-sml-layout":"","ast-disable-related-posts":"","theme-transparent-header-meta":"","adv-header-id-meta":"","stick-header-meta":"","header-above-stick-meta":"","header-main-stick-meta":"","header-below-stick-meta":"","astra-migrate-meta-layouts":"default","ast-page-background-enabled":"default","ast-page-background-meta":{"desktop":{"background-color":"var(--ast-global-color-4)","background-image":"","background-repeat":"repeat","background-position":"center center","background-size":"auto","background-attachment":"scroll","background-type":"","background-media":"","overlay-type":"","overlay-color":"","overlay-opacity":"","overlay-gradient":""},"tablet":{"background-color":"","background-image":"","background-repeat":"repeat","background-position":"center center","background-size":"auto","background-attachment":"scroll","background-type":"","background-media":"","overlay-type":"","overlay-color":"","overlay-opacity":"","overlay-gradient":""},"mobile":{"background-color":"","background-image":"","background-repeat":"repeat","background-position":"center center","background-size":"auto","background-attachment":"scroll","background-type":"","background-media":"","overlay-type":"","overlay-color":"","overlay-opacity":"","overlay-gradient":""}},"ast-content-background-meta":{"desktop":{"background-color":"var(--ast-global-color-5)","background-image":"","background-repeat":"repeat","background-position":"center center","background-size":"auto","background-attachment":"scroll","background-type":"","background-media":"","overlay-type":"","overlay-color":"","overlay-opacity":"","overlay-gradient":""},"tablet":{"background-color":"var(--ast-global-color-5)","background-image":"","background-repeat":"repeat","background-position":"center center","background-size":"auto","background-attachment":"scroll","background-type":"","background-media":"","overlay-type":"","overlay-color":"","overlay-opacity":"","overlay-gradient":""},"mobile":{"background-color":"var(--ast-global-color-5)","background-image":"","background-repeat":"repeat","background-position":"center center","background-size":"auto","background-attachment":"scroll","background-type":"","background-media":"","overlay-type":"","overlay-color":"","overlay-opacity":"","overlay-gradient":""}},"footnotes":""},"class_list":["post-1569","page","type-page","status-publish","hentry"],"_links":{"self":[{"href":"https:\/\/zonaproxima.com\/en\/wp-json\/wp\/v2\/pages\/1569","targetHints":{"allow":["GET"]}}],"collection":[{"href":"https:\/\/zonaproxima.com\/en\/wp-json\/wp\/v2\/pages"}],"about":[{"href":"https:\/\/zonaproxima.com\/en\/wp-json\/wp\/v2\/types\/page"}],"author":[{"embeddable":true,"href":"https:\/\/zonaproxima.com\/en\/wp-json\/wp\/v2\/users\/21"}],"replies":[{"embeddable":true,"href":"https:\/\/zonaproxima.com\/en\/wp-json\/wp\/v2\/comments?post=1569"}],"version-history":[{"count":0,"href":"https:\/\/zonaproxima.com\/en\/wp-json\/wp\/v2\/pages\/1569\/revisions"}],"wp:attachment":[{"href":"https:\/\/zonaproxima.com\/en\/wp-json\/wp\/v2\/media?parent=1569"}],"curies":[{"name":"wp","href":"https:\/\/api.w.org\/{rel}","templated":true}]}}